{"id":1748,"date":"2011-05-05T08:34:07","date_gmt":"2011-05-05T08:34:07","guid":{"rendered":"http:\/\/hotelescatalonia.wordpress.com\/?page_id=2"},"modified":"2016-06-02T17:21:32","modified_gmt":"2016-06-02T16:21:32","slug":"sobre-catalonia-hotels-resorts","status":"publish","type":"page","link":"https:\/\/blog.cataloniahotels.com\/es\/sobre-catalonia-hotels-resorts","title":{"rendered":"Sobre Catalonia Hotels &#038; Resorts"},"content":{"rendered":"<p align=\"justify\">Catalonia Hotels &amp; Resorts es una cadena hotelera de car\u00e1cter familiar fundada a principios de los a\u00f1os ochenta por los hermanos Vallet. Tras unos inicios centrados en el sector inmobiliario, la empresa ampli\u00f3 sus horizontes convirti\u00e9ndose, en pocos a\u00f1os, en una de las\u00a0<strong>principales cadenas hoteleras de nuestro pa\u00eds<\/strong>.<\/p>\n<p style=\"text-align: justify;\">Actualmente la compa\u00f1\u00eda cuenta con <strong>66 establecimientos<\/strong> situados en <strong>18 destinos diferentes<\/strong>: <strong>55 hoteles en Espa\u00f1a<\/strong>, <strong>dos en Bruselas<\/strong>, <strong>uno en Berl\u00edn<\/strong>, <strong>7 resorts en la zona del Caribe<\/strong> (3 en Rep\u00fablica Dominicana y 4 en M\u00e9xico) y un hotel urbano en Santo Domingo.<\/p>\n<p style=\"text-align: justify;\">En estos momentos es una <strong>cadena de referencia en Barcelona<\/strong>, ya que con 3.000 habitaciones lidera la oferta hotelera en la Ciudad Condal.<\/p>\n<p align=\"justify\"><strong><a href=\"http:\/\/www.cataloniahotels.com\/es\/blog\/wp-content\/uploads\/2016\/03\/sobre-nosotros.jpg\"><img loading=\"lazy\" decoding=\"async\" class=\"aligncenter wp-image-4140 size-full\" src=\"http:\/\/www.cataloniahotels.com\/es\/blog\/wp-content\/uploads\/2016\/03\/sobre-nosotros.jpg\" alt=\"sobre-nosotros\" width=\"461\" height=\"169\" srcset=\"https:\/\/blog.cataloniahotels.com\/wp-content\/uploads\/2016\/03\/sobre-nosotros.jpg 461w, https:\/\/blog.cataloniahotels.com\/wp-content\/uploads\/2016\/03\/sobre-nosotros-300x109.jpg 300w, https:\/\/blog.cataloniahotels.com\/wp-content\/uploads\/2016\/03\/sobre-nosotros-376x137.jpg 376w\" sizes=\"auto, (max-width: 461px) 100vw, 461px\" \/><\/a><br \/>\nActuaci\u00f3n y filosof\u00eda<\/strong><\/p>\n<p style=\"text-align: justify;\">Catalonia Hotels &amp; Resorts ha alcanzado las 9.500 habitaciones manteniendo una pol\u00edtica de crecimiento basada en la discreci\u00f3n y la precauci\u00f3n. Esta l\u00ednea de actuaci\u00f3n ha hecho evolucionar a la compa\u00f1\u00eda de manera muy positiva, consiguiendo que el 90% de los hoteles sean de propiedad y s\u00f3lo el 10% est\u00e9 en r\u00e9gimen de alquiler.<\/p>\n<p style=\"text-align: justify;\">A principios de 2013 y manteniendo una s\u00f3lida base de negocio, Catalonia Hotels &amp; Resorts se plante\u00f3 incluir en su pol\u00edtica de expansi\u00f3n establecimientos explotados bajo el modelo de gesti\u00f3n. Esta f\u00f3rmula permite centralizar la integraci\u00f3n de la marca, optimizando recursos a trav\u00e9s de la implementaci\u00f3n de ciertos est\u00e1ndares.<\/p>\n<p style=\"text-align: justify;\">Este modelo aporta una considerable reducci\u00f3n de costes, adem\u00e1s de la integraci\u00f3n a la importante red comercial con la que cuenta Catalonia Hotels &amp; Resorts.<\/p>\n<p style=\"text-align: justify;\">Para todos los establecimientos del grupo, Catalonia Hotels &amp; Resorts aplica rigurosos criterios de calidad. Estos criterios est\u00e1n estrechamente relacionados con una estructura empresarial basada en un estilo propio y diferenciado donde la gesti\u00f3n de servicios y la excelente relaci\u00f3n calidad-precio son factores fundamentales. Esta filosof\u00eda se traduce en confort, calidad y profesionalidad en todos los servicios ofrecidos en los hoteles de la cadena.<\/p>\n<p align=\"justify\"><strong>Edificios hist\u00f3ricos en centros urbanos<\/strong><\/p>\n<p style=\"text-align: justify;\">La cadena mantiene un destacable inter\u00e9s por rehabilitar edificios con un cierto valor hist\u00f3rico situados en el centro de las ciudades e instalar all\u00ed sus hoteles.<\/p>\n<p style=\"text-align: justify;\">En el <strong>centro hist\u00f3rico de Barcelona<\/strong> encontramos varios ejemplos de esta tendencia: el Catalonia Berna es un edificio construido en 1864 y catalogado como Monumento Hist\u00f3rico; el Catalonia Pla\u00e7a Catalunya es una construcci\u00f3n modernista de finales del siglo XIX; el Catalonia Portal de l\u2019\u00c0ngel es un palacete de estilo neocl\u00e1sico construido en 1872 incluido en el cat\u00e1logo de patrimonio art\u00edstico de Barcelona. Otros ejemplos son el Catalonia Born, el Catalonia Port o el Catalonia Catedral.<\/p>\n<p style=\"text-align: justify;\">En cuanto a <strong>Madrid<\/strong>, siguen estas l\u00edneas dos hoteles inaugurados en 2011: el Catalonia Plaza Mayor o el Catalonia Atocha, un hotel que cuenta con una espl\u00e9ndida fachada de principios de siglo XX. Tambi\u00e9n en Madrid se encuentran el Catalonia Las Cortes, un hotel ubicado en un palacete que dispone de elementos originales de la \u00e9poca como pinturas al fresco o el Catalonia Goya, ubicado en un edificio del siglo XIX situado en el c\u00e9ntrico barrio de Salamanca, la mejor zona comercial y de negocios de la capital. Otros ejemplos son el Catalonia Gran V\u00eda, un edificio modernista de principios del siglo pasado o el Catalonia Puerta del Sol, una construcci\u00f3n del siglo XVIII catalogado dentro del conjunto hist\u00f3rico de la villa de Madrid.<\/p>\n<p style=\"text-align: justify;\">En la ciudad de <strong>Zaragoza<\/strong> cabe destacar el Catalonia El Pilar, un hermoso hotel ubicado en un edificio de referencia del modernismo zaragozano de principios del siglo XX y ubicado junto a la Plaza y la Bas\u00edlica del Pilar.<\/p>\n<p align=\"justify\"><a href=\"http:\/\/www.cataloniahotels.com\/es\/blog\/wp-content\/uploads\/2016\/03\/sobre-nosotros2.jpg\"><img loading=\"lazy\" decoding=\"async\" class=\"aligncenter wp-image-4141 size-full\" src=\"http:\/\/www.cataloniahotels.com\/es\/blog\/wp-content\/uploads\/2016\/03\/sobre-nosotros2.jpg\" alt=\"sobre-nosotros2\" width=\"461\" height=\"169\" srcset=\"https:\/\/blog.cataloniahotels.com\/wp-content\/uploads\/2016\/03\/sobre-nosotros2.jpg 461w, https:\/\/blog.cataloniahotels.com\/wp-content\/uploads\/2016\/03\/sobre-nosotros2-300x109.jpg 300w, https:\/\/blog.cataloniahotels.com\/wp-content\/uploads\/2016\/03\/sobre-nosotros2-376x137.jpg 376w\" sizes=\"auto, (max-width: 461px) 100vw, 461px\" \/><\/a><\/p>\n<p align=\"justify\"><strong>Una amplia oferta en el Caribe<\/strong><\/p>\n<p style=\"text-align: justify;\">En 1998 Catalonia Hotels &amp; Resorts inaugur\u00f3 su primer resort en Rep\u00fablica Dominicana. S\u00f3lo ocho a\u00f1os despu\u00e9s ampli\u00f3 a <strong>siete los complejos hoteleros en la zona del Caribe<\/strong>. Con dos hoteles en Playa B\u00e1varo, uno en Bayahibe y cuatro en Riviera Maya, Catalonia Hotels &amp; Resorts dispone de casi 6.000 plazas hoteleras entre M\u00e9xico y Rep\u00fablica Dominicana. Los resorts de 4 y 5 estrellas disponen de r\u00e9gimen de todo incluido y representan un alto porcentaje de las ventas totales de la cadena. En los \u00faltimos a\u00f1os estos complejos han supuesto el 40% de la facturaci\u00f3n total de la empresa.<\/p>\n<p>&nbsp;<\/p>\n<p align=\"justify\"><a href=\"http:\/\/www.cataloniahotels.com\/es\/blog\/wp-content\/uploads\/2016\/03\/caribe.jpg\"><img loading=\"lazy\" decoding=\"async\" class=\"aligncenter wp-image-4142 size-full\" src=\"http:\/\/www.cataloniahotels.com\/es\/blog\/wp-content\/uploads\/2016\/03\/caribe.jpg\" alt=\"caribe\" width=\"364\" height=\"169\" srcset=\"https:\/\/blog.cataloniahotels.com\/wp-content\/uploads\/2016\/03\/caribe.jpg 364w, https:\/\/blog.cataloniahotels.com\/wp-content\/uploads\/2016\/03\/caribe-300x139.jpg 300w\" sizes=\"auto, (max-width: 364px) 100vw, 364px\" \/><\/a><\/p>\n<p align=\"justify\"><strong>Calidad y servicios<br \/>\n<\/strong><\/p>\n<p style=\"text-align: justify;\">\u2022 Ofrecer una excelente relaci\u00f3n calidad-precio. Este factor es uno de los m\u00e1s valorados por nuestros clientes.<\/p>\n<p style=\"text-align: justify;\">\u2022 Accesibilidad. Catalonia Hotels &amp; Resorts\u00a0permite realizar reservas on-line a trav\u00e9s de su p\u00e1gina web, un portal donde encontrar toda la informaci\u00f3n referente a sus establecimientos. Adem\u00e1s, ofrece un servicio central de reservas mediante el tel\u00e9fono 902 30 10 78.<\/p>\n<p style=\"text-align: justify;\">\u2022 La perseverancia en el mantenimiento de las instalaciones permite que los hoteles no pierdan su encanto aun con el paso de los a\u00f1os.<\/p>\n<p style=\"text-align: justify;\">\u2022 La consideraci\u00f3n del equipo humano es una de las claves fundamentales del \u00e9xito de la cadena.<\/p>\n<p style=\"text-align: justify;\"><a href=\"http:\/\/www.cataloniahotels.com\/es\/blog\/wp-content\/uploads\/2016\/03\/sobre-nosotros3.jpg\"><img loading=\"lazy\" decoding=\"async\" class=\"aligncenter wp-image-4143 size-full\" src=\"http:\/\/www.cataloniahotels.com\/es\/blog\/wp-content\/uploads\/2016\/03\/sobre-nosotros3.jpg\" alt=\"sobre-nosotros3\" width=\"461\" height=\"169\" srcset=\"https:\/\/blog.cataloniahotels.com\/wp-content\/uploads\/2016\/03\/sobre-nosotros3.jpg 461w, https:\/\/blog.cataloniahotels.com\/wp-content\/uploads\/2016\/03\/sobre-nosotros3-300x109.jpg 300w, https:\/\/blog.cataloniahotels.com\/wp-content\/uploads\/2016\/03\/sobre-nosotros3-376x137.jpg 376w\" sizes=\"auto, (max-width: 461px) 100vw, 461px\" \/><\/a><\/p>\n","protected":false},"excerpt":{"rendered":"<p>Catalonia Hotels &amp; Resorts es una cadena hotelera de car\u00e1cter familiar fundada a principios de los a\u00f1os ochenta por los hermanos Vallet. Tras unos inicios centrados en el sector inmobiliario, la empresa ampli\u00f3 sus horizontes convirti\u00e9ndose, en pocos a\u00f1os, en una de las\u00a0principales cadenas hoteleras de nuestro pa\u00eds. Actualmente la compa\u00f1\u00eda cuenta con 66 establecimientos [&hellip;]<\/p>\n","protected":false},"author":1,"featured_media":0,"parent":0,"menu_order":0,"comment_status":"open","ping_status":"open","template":"","meta":{"_acf_changed":false,"footnotes":""},"destino":[],"tipo-contenido":[],"class_list":["post-1748","page","type-page","status-publish","hentry"],"acf":[],"yoast_head":"<!-- This site is optimized with the Yoast SEO plugin v27.2 - https:\/\/yoast.com\/product\/yoast-seo-wordpress\/ -->\n<title>Sobre Catalonia Hotels &amp; Resorts  | Gu\u00eda de Viajes | Catalonia Hotels &amp; Resorts<\/title>\n<meta name=\"robots\" content=\"index, follow, max-snippet:-1, max-image-preview:large, max-video-preview:-1\" \/>\n<link rel=\"canonical\" href=\"https:\/\/blog.cataloniahotels.com\/es\/sobre-catalonia-hotels-resorts\" \/>\n<meta property=\"og:locale\" content=\"es_ES\" \/>\n<meta property=\"og:type\" content=\"article\" \/>\n<meta property=\"og:title\" content=\"Sobre Catalonia Hotels &amp; Resorts  | Gu\u00eda de Viajes | Catalonia Hotels &amp; Resorts\" \/>\n<meta property=\"og:description\" content=\"Catalonia Hotels &amp; Resorts es una cadena hotelera de car\u00e1cter familiar fundada a principios de los a\u00f1os ochenta por los hermanos Vallet. Tras unos inicios centrados en el sector inmobiliario, la empresa ampli\u00f3 sus horizontes convirti\u00e9ndose, en pocos a\u00f1os, en una de las\u00a0principales cadenas hoteleras de nuestro pa\u00eds. Actualmente la compa\u00f1\u00eda cuenta con 66 establecimientos [&hellip;]\" \/>\n<meta property=\"og:url\" content=\"https:\/\/blog.cataloniahotels.com\/es\/sobre-catalonia-hotels-resorts\" \/>\n<meta property=\"og:site_name\" content=\"Gu\u00eda de Viajes | Catalonia Hotels &amp; Resorts\" \/>\n<meta property=\"article:modified_time\" content=\"2016-06-02T16:21:32+00:00\" \/>\n<meta property=\"og:image\" content=\"http:\/\/www.cataloniahotels.com\/es\/blog\/wp-content\/uploads\/2016\/03\/sobre-nosotros.jpg\" \/>\n<meta name=\"twitter:label1\" content=\"Est. reading time\" \/>\n\t<meta name=\"twitter:data1\" content=\"4 minutes\" \/>\n<!-- \/ Yoast SEO plugin. -->","yoast_head_json":{"title":"Sobre Catalonia Hotels & Resorts  | Gu\u00eda de Viajes | Catalonia Hotels &amp; Resorts","robots":{"index":"index","follow":"follow","max-snippet":"max-snippet:-1","max-image-preview":"max-image-preview:large","max-video-preview":"max-video-preview:-1"},"canonical":"https:\/\/blog.cataloniahotels.com\/es\/sobre-catalonia-hotels-resorts","og_locale":"es_ES","og_type":"article","og_title":"Sobre Catalonia Hotels & Resorts  | Gu\u00eda de Viajes | Catalonia Hotels &amp; Resorts","og_description":"Catalonia Hotels &amp; Resorts es una cadena hotelera de car\u00e1cter familiar fundada a principios de los a\u00f1os ochenta por los hermanos Vallet. Tras unos inicios centrados en el sector inmobiliario, la empresa ampli\u00f3 sus horizontes convirti\u00e9ndose, en pocos a\u00f1os, en una de las\u00a0principales cadenas hoteleras de nuestro pa\u00eds. Actualmente la compa\u00f1\u00eda cuenta con 66 establecimientos [&hellip;]","og_url":"https:\/\/blog.cataloniahotels.com\/es\/sobre-catalonia-hotels-resorts","og_site_name":"Gu\u00eda de Viajes | Catalonia Hotels &amp; Resorts","article_modified_time":"2016-06-02T16:21:32+00:00","og_image":[{"url":"http:\/\/www.cataloniahotels.com\/es\/blog\/wp-content\/uploads\/2016\/03\/sobre-nosotros.jpg","type":"","width":"","height":""}],"twitter_misc":{"Est. reading time":"4 minutes"},"schema":{"@context":"https:\/\/schema.org","@graph":[{"@type":"WebPage","@id":"https:\/\/blog.cataloniahotels.com\/es\/sobre-catalonia-hotels-resorts","url":"https:\/\/blog.cataloniahotels.com\/es\/sobre-catalonia-hotels-resorts","name":"Sobre Catalonia Hotels & Resorts | Gu\u00eda de Viajes | Catalonia Hotels &amp; Resorts","isPartOf":{"@id":"https:\/\/blog.cataloniahotels.com\/es\/#website"},"primaryImageOfPage":{"@id":"https:\/\/blog.cataloniahotels.com\/es\/sobre-catalonia-hotels-resorts#primaryimage"},"image":{"@id":"https:\/\/blog.cataloniahotels.com\/es\/sobre-catalonia-hotels-resorts#primaryimage"},"thumbnailUrl":"http:\/\/www.cataloniahotels.com\/es\/blog\/wp-content\/uploads\/2016\/03\/sobre-nosotros.jpg","datePublished":"2011-05-05T08:34:07+00:00","dateModified":"2016-06-02T16:21:32+00:00","breadcrumb":{"@id":"https:\/\/blog.cataloniahotels.com\/es\/sobre-catalonia-hotels-resorts#breadcrumb"},"inLanguage":"es","potentialAction":[{"@type":"ReadAction","target":["https:\/\/blog.cataloniahotels.com\/es\/sobre-catalonia-hotels-resorts"]}]},{"@type":"ImageObject","inLanguage":"es","@id":"https:\/\/blog.cataloniahotels.com\/es\/sobre-catalonia-hotels-resorts#primaryimage","url":"http:\/\/www.cataloniahotels.com\/es\/blog\/wp-content\/uploads\/2016\/03\/sobre-nosotros.jpg","contentUrl":"http:\/\/www.cataloniahotels.com\/es\/blog\/wp-content\/uploads\/2016\/03\/sobre-nosotros.jpg"},{"@type":"BreadcrumbList","@id":"https:\/\/blog.cataloniahotels.com\/es\/sobre-catalonia-hotels-resorts#breadcrumb","itemListElement":[{"@type":"ListItem","position":1,"name":"Gu\u00eda de viajes","item":"https:\/\/blog.cataloniahotels.com\/es"},{"@type":"ListItem","position":2,"name":"Sobre Catalonia Hotels &#038; Resorts"}]},{"@type":"WebSite","@id":"https:\/\/blog.cataloniahotels.com\/es\/#website","url":"https:\/\/blog.cataloniahotels.com\/es\/","name":"Gu\u00eda de Viajes | Catalonia Hotels &amp; Resorts","description":"","publisher":{"@id":"https:\/\/blog.cataloniahotels.com\/es\/#organization"},"potentialAction":[{"@type":"SearchAction","target":{"@type":"EntryPoint","urlTemplate":"https:\/\/blog.cataloniahotels.com\/es\/?s={search_term_string}"},"query-input":{"@type":"PropertyValueSpecification","valueRequired":true,"valueName":"search_term_string"}}],"inLanguage":"es"},{"@type":"Organization","@id":"https:\/\/blog.cataloniahotels.com\/es\/#organization","name":"Gu\u00eda de Viajes | Catalonia Hotels &amp; Resorts","url":"https:\/\/blog.cataloniahotels.com\/es\/","logo":{"@type":"ImageObject","inLanguage":"es","@id":"https:\/\/blog.cataloniahotels.com\/es\/#\/schema\/logo\/image\/","url":"https:\/\/blog.cataloniahotels.com\/wp-content\/uploads\/2024\/12\/logo-catalonia.svg","contentUrl":"https:\/\/blog.cataloniahotels.com\/wp-content\/uploads\/2024\/12\/logo-catalonia.svg","width":254,"height":32,"caption":"Gu\u00eda de Viajes | Catalonia Hotels &amp; Resorts"},"image":{"@id":"https:\/\/blog.cataloniahotels.com\/es\/#\/schema\/logo\/image\/"}}]}},"_links":{"self":[{"href":"https:\/\/blog.cataloniahotels.com\/es\/wp-json\/wp\/v2\/pages\/1748","targetHints":{"allow":["GET"]}}],"collection":[{"href":"https:\/\/blog.cataloniahotels.com\/es\/wp-json\/wp\/v2\/pages"}],"about":[{"href":"https:\/\/blog.cataloniahotels.com\/es\/wp-json\/wp\/v2\/types\/page"}],"author":[{"embeddable":true,"href":"https:\/\/blog.cataloniahotels.com\/es\/wp-json\/wp\/v2\/users\/1"}],"replies":[{"embeddable":true,"href":"https:\/\/blog.cataloniahotels.com\/es\/wp-json\/wp\/v2\/comments?post=1748"}],"version-history":[{"count":9,"href":"https:\/\/blog.cataloniahotels.com\/es\/wp-json\/wp\/v2\/pages\/1748\/revisions"}],"predecessor-version":[{"id":4403,"href":"https:\/\/blog.cataloniahotels.com\/es\/wp-json\/wp\/v2\/pages\/1748\/revisions\/4403"}],"wp:attachment":[{"href":"https:\/\/blog.cataloniahotels.com\/es\/wp-json\/wp\/v2\/media?parent=1748"}],"wp:term":[{"taxonomy":"destino","embeddable":true,"href":"https:\/\/blog.cataloniahotels.com\/es\/wp-json\/wp\/v2\/destino?post=1748"},{"taxonomy":"tipo-contenido","embeddable":true,"href":"https:\/\/blog.cataloniahotels.com\/es\/wp-json\/wp\/v2\/tipo-contenido?post=1748"}],"curies":[{"name":"wp","href":"https:\/\/api.w.org\/{rel}","templated":true}]}}