{"id":4532,"date":"2016-09-21T11:14:36","date_gmt":"2016-09-21T09:14:36","guid":{"rendered":"http:\/\/www.cataloniahotels.com\/es\/blog\/?page_id=4532"},"modified":"2017-10-02T09:58:55","modified_gmt":"2017-10-02T07:58:55","slug":"concurso-instagram","status":"publish","type":"page","link":"https:\/\/blog.cataloniahotels.com\/es\/concurso-instagram","title":{"rendered":"T\u00e9rminos &#038; Condiciones | Concurso Instagram"},"content":{"rendered":"<p style=\"text-align: justify;\"><a href=\"http:\/\/www.cataloniahotels.com\/es\/blog\/wp-content\/uploads\/2016\/09\/BLOG.png\"><img loading=\"lazy\" decoding=\"async\" class=\"aligncenter wp-image-4881 size-full\" src=\"http:\/\/www.cataloniahotels.com\/es\/blog\/wp-content\/uploads\/2016\/09\/BLOG.png\" alt=\"BLOG\" width=\"560\" height=\"315\" srcset=\"https:\/\/blog.cataloniahotels.com\/wp-content\/uploads\/2016\/09\/BLOG.png 560w, https:\/\/blog.cataloniahotels.com\/wp-content\/uploads\/2016\/09\/BLOG-300x168.png 300w, https:\/\/blog.cataloniahotels.com\/wp-content\/uploads\/2016\/09\/BLOG-376x211.png 376w\" sizes=\"auto, (max-width: 560px) 100vw, 560px\" \/><\/a><\/p>\n<p style=\"text-align: justify;\">\u00a1Concurso expr\u00e9s! En nuestra cuenta de Instagram te regalamos una estancia de <strong>2 noches para dos personas en el Catalonia Grand Place en Bruselas.<\/strong><\/p>\n<p>\u00bfC\u00f3mo participar?<br \/>\n-S\u00edguenos en <a href=\"https:\/\/www.instagram.com\/cataloniahotels\/\">@cataloniahotels<\/a> en Instagram<br \/>\n-Dale ME GUSTA a nuestra foto del concurso\u00a0 y menciona el usuario de la persona con la que te gustar\u00eda disfrutar del premio.<br \/>\n-La persona que menciones debe seguir nuestra cuenta de Instagram tambi\u00e9n.<\/p>\n<p style=\"text-align: justify;\"><strong>T\u00e9rminos y Condiciones<\/strong><\/p>\n<p style=\"text-align: center;\">NO ES NECESARIA UNA COMPRA O PAGO DE CUALQUIER TIPO PARA PARTICIPAR EN ESTE CONCURSO.<\/p>\n<p style=\"text-align: justify;\">1.- Al momento de participar aceptan todas las reglas de la din\u00e1mica.<br \/>\n2.-El participante deber\u00e1 convertirse en seguidor de la cuenta de Instagram <a href=\"https:\/\/www.instagram.com\/cataloniahotels\/\">@CataloniaHotels<\/a> y mencionar a la persona con la que le gustar\u00eda compartir la estancia.<br \/>\n3.- S\u00f3lo se aceptar\u00e1 una entrada por usuario.<br \/>\n4.- Los participantes deber\u00e1n de ser mayores de 18 a\u00f1os para ser considerados elegibles para ganar.<br \/>\n5.- Solo participan los comentarios ingresados delmi\u00e9rcoles 27 de septiembre hasta el jueves 28 de septiembre a las 11:00 am (hora de Madrid, Espa\u00f1a).<br \/>\n6.-Todo usuario que no siga todos los pasos quedar\u00e1 autom\u00e1ticamente eliminado del concurso. Cualquier perfil que se detecte como falso o que cometa actos fraudulentos se eliminar\u00e1 del concurso.<br \/>\n7.-El ganador ser\u00e1 seleccionado aleatoriamente mediante un sorteo por medio de la aplicaci\u00f3n www.sortea2.com que se llevar\u00e1 a cabo del\u00a0mi\u00e9rcoles 27 de septiembre hasta el jueves 28 de septiembre a las 11:00 am (hora de Madrid, Espa\u00f1a) y se comunicar\u00e1 v\u00eda redes sociales el viernes 29 de\u00a0septiembre de 2017. El ganador ser\u00e1 anunciado en el mismo post del concurso y deber\u00e1 indicar sus datos personales para disfrutar del premio. Si el martes 3 de\u00a0octubre\u00a0de 2017 a las 11:00 am (hora de Madrid, Espa\u00f1a) no se ha tenido contacto, el ganador perder\u00e1 derecho sobre el premio y se volver\u00e1 a elegir a un nuevo ganador.<br \/>\n8.- Instagram no tiene responsabilidades en este concurso y los datos que se adquieran ser\u00e1n gestionados por nuestra empresa.<\/p>\n<p style=\"text-align: justify;\"><strong>DIN\u00c1MICA DEL CONCURSO:<br \/>\n<\/strong>En nuestra cuenta de Instagram\u00a0 te regalamos una estancia de 2 noches para dos personas en el Catalonia Berlin Mitte de Berl\u00edn.<\/p>\n<p style=\"text-align: justify;\">\u00bfC\u00f3mo participar?<br \/>\n-S\u00edguenos en @cataloniahotels en Instagram<br \/>\n-Dale ME GUSTA a nuestra foto del concurso y menciona el usuario de la persona con la que te gustar\u00eda disfrutar del premio.<br \/>\n-La persona que menciones debe seguir tambi\u00e9n nuestra cuenta de Instagram <a href=\"https:\/\/www.instagram.com\/cataloniahotels\/\">@cataloniahotels<\/a>.<\/p>\n<p style=\"text-align: justify;\"><strong>ELEGIBILIDAD:<\/strong> El Concurso est\u00e1 abierto a personas de cualquier nacionalidad, que tengan (18) a\u00f1os de edad o m\u00e1s en el momento de la inscripci\u00f3n. Los organizadores tienen el derecho de verificar la elegibilidad de cada participante.<\/p>\n<p style=\"text-align: justify;\"><strong>PERIODO DEL CONCURSO:<\/strong> El Concurso ser\u00e1 v\u00e1lido desde la publicaci\u00f3n de la fotograf\u00eda del concurso mi\u00e9rcoles 27 de septiembre hasta el jueves 28 de septiembre a las 11:00 am (hora de Madrid, Espa\u00f1a). Todas las participaciones deben ser recibidas durante este per\u00edodo de validez. Cualquier participaci\u00f3n recibida antes o despu\u00e9s de este per\u00edodo, no ser\u00e1 tomada en cuenta.<\/p>\n<p style=\"text-align: justify;\"><strong>PREMIO:<\/strong> Una estancia de 2 noches para dos personas en Catalonia\u00a0Grand Place de Bruselas\u00a0en alojamiento y desayuno. No incluye gastos de transportaci\u00f3n, propinas, excursiones o gastos extras no incluidos. Las fechas son bajo petici\u00f3n, en habitaci\u00f3n est\u00e1ndar y sujeto a disponibilidad para reservas destinadas a este tipo de acciones. Una vez el concursante confirme las fechas en las que desea disfrutar del premio, no se podr\u00e1n hacer cambios. V\u00e1lido para viajar durante los seis meses desde la comunicaci\u00f3n el ganador.<\/p>\n<p style=\"text-align: justify;\"><strong>ANUNCIO DEL GANADOR:<\/strong> El ganador ser\u00e1 notificado a trav\u00e9s de un mensaje por parte del organizador en su cuenta de Instagram <a href=\"https:\/\/www.instagram.com\/cataloniahotels\/\">@cataloniahotels<\/a> u otros canales que el organizador decida implementar. Se realizar\u00e1 un sorteo por medio de la aplicaci\u00f3n <a href=\"www.sortea2.com\">www.sortea2.com<\/a> con los nombres de usuario de las participaciones registradas en el post del concurso, solo ser\u00e1n elegibles para ganar si despu\u00e9s de una revisi\u00f3n por parte del staff de redes sociales, la persona haya cumplido con las estipulaciones de la din\u00e1mica. Los gastos imprevistos y todos los dem\u00e1s gastos no mencionados espec\u00edficamente como parte del premio, como los viajes a la propiedad que ofrece el premio, transportes, vuelos, visas y todos los requisitos y tr\u00e1mites necesarios para redimir el premio, son responsabilidad del ganador. Todos los impuestos federales, estatales y locales que se relacionan con la recepci\u00f3n o uso del premio, son responsabilidad del ganador. El premio no es transferible. No se permite la sustituci\u00f3n, cambio o equivalente en efectivo monetario de los premios.<\/p>\n<p style=\"text-align: justify;\">Catalonia Hotels &amp; Resorts se reserva el derecho de cancelar este concurso en cualquier momento y por cualquier raz\u00f3n. Tambi\u00e9n se reserva el derecho de modificar las fechas y\/o t\u00e9rminos de concurso en cualquier momento sin previo aviso.<\/p>\n<p style=\"text-align: justify;\">Los empleados de Catalonia Hotels &amp; Resorts, sus respectivos padres, filiales, subsidiarias, publicidad, promoci\u00f3n y agencias de cumplimiento y los miembros de la familia inmediata o del hogar de cada uno, no son elegibles para participar. Miembro de la familia inmediata se define como un padre, hermano o cualquier persona que resida en un mismo hogar con el empleado.<\/p>\n","protected":false},"excerpt":{"rendered":"<p>\u00a1Concurso expr\u00e9s! En nuestra cuenta de Instagram te regalamos una estancia de 2 noches para dos personas en el Catalonia Grand Place en Bruselas. \u00bfC\u00f3mo participar? -S\u00edguenos en @cataloniahotels en Instagram -Dale ME GUSTA a nuestra foto del concurso\u00a0 y menciona el usuario de la persona con la que te gustar\u00eda disfrutar del premio. -La [&hellip;]<\/p>\n","protected":false},"author":3,"featured_media":0,"parent":0,"menu_order":0,"comment_status":"open","ping_status":"open","template":"","meta":{"_acf_changed":false,"footnotes":""},"destino":[],"tipo-contenido":[],"class_list":["post-4532","page","type-page","status-publish","hentry"],"acf":[],"yoast_head":"<!-- This site is optimized with the Yoast SEO plugin v27.2 - https:\/\/yoast.com\/product\/yoast-seo-wordpress\/ -->\n<title>T\u00e9rminos &amp; Condiciones | Concurso Instagram  | Gu\u00eda de Viajes | Catalonia Hotels &amp; Resorts<\/title>\n<meta name=\"robots\" content=\"index, follow, max-snippet:-1, max-image-preview:large, max-video-preview:-1\" \/>\n<link rel=\"canonical\" href=\"https:\/\/blog.cataloniahotels.com\/es\/concurso-instagram\" \/>\n<meta property=\"og:locale\" content=\"es_ES\" \/>\n<meta property=\"og:type\" content=\"article\" \/>\n<meta property=\"og:title\" content=\"T\u00e9rminos &amp; Condiciones | Concurso Instagram  | Gu\u00eda de Viajes | Catalonia Hotels &amp; Resorts\" \/>\n<meta property=\"og:description\" content=\"\u00a1Concurso expr\u00e9s! En nuestra cuenta de Instagram te regalamos una estancia de 2 noches para dos personas en el Catalonia Grand Place en Bruselas. \u00bfC\u00f3mo participar? -S\u00edguenos en @cataloniahotels en Instagram -Dale ME GUSTA a nuestra foto del concurso\u00a0 y menciona el usuario de la persona con la que te gustar\u00eda disfrutar del premio. -La [&hellip;]\" \/>\n<meta property=\"og:url\" content=\"https:\/\/blog.cataloniahotels.com\/es\/concurso-instagram\" \/>\n<meta property=\"og:site_name\" content=\"Gu\u00eda de Viajes | Catalonia Hotels &amp; Resorts\" \/>\n<meta property=\"article:modified_time\" content=\"2017-10-02T07:58:55+00:00\" \/>\n<meta property=\"og:image\" content=\"http:\/\/www.cataloniahotels.com\/es\/blog\/wp-content\/uploads\/2016\/09\/BLOG.png\" \/>\n<meta name=\"twitter:label1\" content=\"Est. reading time\" \/>\n\t<meta name=\"twitter:data1\" content=\"4 minutes\" \/>\n<!-- \/ Yoast SEO plugin. -->","yoast_head_json":{"title":"T\u00e9rminos & Condiciones | Concurso Instagram  | Gu\u00eda de Viajes | Catalonia Hotels &amp; Resorts","robots":{"index":"index","follow":"follow","max-snippet":"max-snippet:-1","max-image-preview":"max-image-preview:large","max-video-preview":"max-video-preview:-1"},"canonical":"https:\/\/blog.cataloniahotels.com\/es\/concurso-instagram","og_locale":"es_ES","og_type":"article","og_title":"T\u00e9rminos & Condiciones | Concurso Instagram  | Gu\u00eda de Viajes | Catalonia Hotels &amp; Resorts","og_description":"\u00a1Concurso expr\u00e9s! En nuestra cuenta de Instagram te regalamos una estancia de 2 noches para dos personas en el Catalonia Grand Place en Bruselas. \u00bfC\u00f3mo participar? -S\u00edguenos en @cataloniahotels en Instagram -Dale ME GUSTA a nuestra foto del concurso\u00a0 y menciona el usuario de la persona con la que te gustar\u00eda disfrutar del premio. -La [&hellip;]","og_url":"https:\/\/blog.cataloniahotels.com\/es\/concurso-instagram","og_site_name":"Gu\u00eda de Viajes | Catalonia Hotels &amp; Resorts","article_modified_time":"2017-10-02T07:58:55+00:00","og_image":[{"url":"http:\/\/www.cataloniahotels.com\/es\/blog\/wp-content\/uploads\/2016\/09\/BLOG.png","type":"","width":"","height":""}],"twitter_misc":{"Est. reading time":"4 minutes"},"schema":{"@context":"https:\/\/schema.org","@graph":[{"@type":"WebPage","@id":"https:\/\/blog.cataloniahotels.com\/es\/concurso-instagram","url":"https:\/\/blog.cataloniahotels.com\/es\/concurso-instagram","name":"T\u00e9rminos & Condiciones | Concurso Instagram | Gu\u00eda de Viajes | Catalonia Hotels &amp; Resorts","isPartOf":{"@id":"https:\/\/blog.cataloniahotels.com\/es\/#website"},"primaryImageOfPage":{"@id":"https:\/\/blog.cataloniahotels.com\/es\/concurso-instagram#primaryimage"},"image":{"@id":"https:\/\/blog.cataloniahotels.com\/es\/concurso-instagram#primaryimage"},"thumbnailUrl":"http:\/\/www.cataloniahotels.com\/es\/blog\/wp-content\/uploads\/2016\/09\/BLOG.png","datePublished":"2016-09-21T09:14:36+00:00","dateModified":"2017-10-02T07:58:55+00:00","breadcrumb":{"@id":"https:\/\/blog.cataloniahotels.com\/es\/concurso-instagram#breadcrumb"},"inLanguage":"es","potentialAction":[{"@type":"ReadAction","target":["https:\/\/blog.cataloniahotels.com\/es\/concurso-instagram"]}]},{"@type":"ImageObject","inLanguage":"es","@id":"https:\/\/blog.cataloniahotels.com\/es\/concurso-instagram#primaryimage","url":"http:\/\/www.cataloniahotels.com\/es\/blog\/wp-content\/uploads\/2016\/09\/BLOG.png","contentUrl":"http:\/\/www.cataloniahotels.com\/es\/blog\/wp-content\/uploads\/2016\/09\/BLOG.png"},{"@type":"BreadcrumbList","@id":"https:\/\/blog.cataloniahotels.com\/es\/concurso-instagram#breadcrumb","itemListElement":[{"@type":"ListItem","position":1,"name":"Gu\u00eda de viajes","item":"https:\/\/blog.cataloniahotels.com\/es"},{"@type":"ListItem","position":2,"name":"T\u00e9rminos &#038; Condiciones | Concurso Instagram"}]},{"@type":"WebSite","@id":"https:\/\/blog.cataloniahotels.com\/es\/#website","url":"https:\/\/blog.cataloniahotels.com\/es\/","name":"Gu\u00eda de Viajes | Catalonia Hotels &amp; Resorts","description":"","publisher":{"@id":"https:\/\/blog.cataloniahotels.com\/es\/#organization"},"potentialAction":[{"@type":"SearchAction","target":{"@type":"EntryPoint","urlTemplate":"https:\/\/blog.cataloniahotels.com\/es\/?s={search_term_string}"},"query-input":{"@type":"PropertyValueSpecification","valueRequired":true,"valueName":"search_term_string"}}],"inLanguage":"es"},{"@type":"Organization","@id":"https:\/\/blog.cataloniahotels.com\/es\/#organization","name":"Gu\u00eda de Viajes | Catalonia Hotels &amp; Resorts","url":"https:\/\/blog.cataloniahotels.com\/es\/","logo":{"@type":"ImageObject","inLanguage":"es","@id":"https:\/\/blog.cataloniahotels.com\/es\/#\/schema\/logo\/image\/","url":"https:\/\/blog.cataloniahotels.com\/wp-content\/uploads\/2024\/12\/logo-catalonia.svg","contentUrl":"https:\/\/blog.cataloniahotels.com\/wp-content\/uploads\/2024\/12\/logo-catalonia.svg","width":254,"height":32,"caption":"Gu\u00eda de Viajes | Catalonia Hotels &amp; Resorts"},"image":{"@id":"https:\/\/blog.cataloniahotels.com\/es\/#\/schema\/logo\/image\/"}}]}},"_links":{"self":[{"href":"https:\/\/blog.cataloniahotels.com\/es\/wp-json\/wp\/v2\/pages\/4532","targetHints":{"allow":["GET"]}}],"collection":[{"href":"https:\/\/blog.cataloniahotels.com\/es\/wp-json\/wp\/v2\/pages"}],"about":[{"href":"https:\/\/blog.cataloniahotels.com\/es\/wp-json\/wp\/v2\/types\/page"}],"author":[{"embeddable":true,"href":"https:\/\/blog.cataloniahotels.com\/es\/wp-json\/wp\/v2\/users\/3"}],"replies":[{"embeddable":true,"href":"https:\/\/blog.cataloniahotels.com\/es\/wp-json\/wp\/v2\/comments?post=4532"}],"version-history":[{"count":18,"href":"https:\/\/blog.cataloniahotels.com\/es\/wp-json\/wp\/v2\/pages\/4532\/revisions"}],"predecessor-version":[{"id":5077,"href":"https:\/\/blog.cataloniahotels.com\/es\/wp-json\/wp\/v2\/pages\/4532\/revisions\/5077"}],"wp:attachment":[{"href":"https:\/\/blog.cataloniahotels.com\/es\/wp-json\/wp\/v2\/media?parent=4532"}],"wp:term":[{"taxonomy":"destino","embeddable":true,"href":"https:\/\/blog.cataloniahotels.com\/es\/wp-json\/wp\/v2\/destino?post=4532"},{"taxonomy":"tipo-contenido","embeddable":true,"href":"https:\/\/blog.cataloniahotels.com\/es\/wp-json\/wp\/v2\/tipo-contenido?post=4532"}],"curies":[{"name":"wp","href":"https:\/\/api.w.org\/{rel}","templated":true}]}}